{"id":32,"date":"2026-01-03T14:54:11","date_gmt":"2026-01-03T14:54:11","guid":{"rendered":"https:\/\/larmoireaglace.fr\/?page_id=32"},"modified":"2026-03-14T12:03:45","modified_gmt":"2026-03-14T12:03:45","slug":"devenez-franchise","status":"publish","type":"page","link":"https:\/\/larmoireaglace.fr\/index.php\/devenez-franchise\/","title":{"rendered":"Devenez Franchis\u00e9"},"content":{"rendered":"\n<p class=\"has-custom-jaun-color has-text-color has-link-color wp-elements-7f4887eb2fd80641da4a171846bb42b0\">Depuis 2021, L&rsquo;Armoire \u00e0 Glace travaille sur la cr\u00e9ation d&rsquo;un mod\u00e8le de Franchise qui allie son savoir faire et la fid\u00e9lisation de sa client\u00e8le.<\/p>\n\n\n\n<p class=\"has-custom-jaun-color has-text-color has-link-color wp-elements-b955731c5a4529cd9a13409bac73e50c\">Apr\u00e8s plus de 20 ans d&rsquo;existence, le concept et l&rsquo;\u00e9tat d&rsquo;esprit \u00ab\u00a0Armoire \u00e0 Glace\u00a0\u00bb sont prouv\u00e9s et \u00e9prouv\u00e9s et nous permettent de d\u00e9velopper une franchise par laquelle tout adh\u00e9rent sera accompagn\u00e9, soutenu et form\u00e9.<\/p>\n\n\n\n<p class=\"has-custom-jaun-color has-text-color has-link-color wp-elements-b825112adc2e067dbe945250592171af\">Les Glaces de l&rsquo;Armoire \u00e0 Glace sont un concept et forment un catalogue qui grandit chaque jour et reste partag\u00e9 \u00e0 nos Franchis\u00e9s.<\/p>\n\n\n\n<p class=\"has-custom-jaun-color has-text-color has-link-color wp-elements-eb61ac7768a993dc33d1e0f95f452665\">Si vous \u00eates int\u00e9ress\u00e9(e) par notre Franchise, remplissez le questionnaire ci-dessous et parlez nous de vous&#8230;<\/p>\n\n\n<div class=\"frm_forms  with_frm_style frm_style_style-formidable\" id=\"frm_form_1_container\" >\n<form enctype=\"multipart\/form-data\" method=\"post\" class=\"frm-show-form \" id=\"form_contact-form\" >\n<div class=\"frm_form_fields \">\n<fieldset>\n<legend class=\"frm_screen_reader\">Int\u00e9ress\u00e9(e)<\/legend>\r\n\r\n<div class=\"frm_fields_container\">\n<input type=\"hidden\" name=\"frm_action\" value=\"create\" \/>\n<input type=\"hidden\" name=\"form_id\" value=\"1\" \/>\n<input type=\"hidden\" name=\"frm_hide_fields_1\" id=\"frm_hide_fields_1\" value=\"\" \/>\n<input type=\"hidden\" name=\"form_key\" value=\"contact-form\" \/>\n<input type=\"hidden\" name=\"item_meta[0]\" value=\"\" \/>\n<input type=\"hidden\" id=\"frm_submit_entry_1\" name=\"frm_submit_entry_1\" value=\"c3c95ad5a2\" \/><input type=\"hidden\" name=\"_wp_http_referer\" value=\"\/index.php\/wp-json\/wp\/v2\/pages\/32\" \/><div id=\"frm_field_1_container\" class=\"frm_form_field form-field  frm_required_field frm_top_container frm_first frm_half\">\r\n\t<label for=\"field_qh4icy\" id=\"field_qh4icy_label\" class=\"frm_primary_label\">Nom\r\n\t\t<span class=\"frm_required\" aria-hidden=\"true\">*<\/span>\r\n\t<\/label>\r\n\t<input type=\"text\" id=\"field_qh4icy\" name=\"item_meta[1]\" value=\"\"  data-reqmsg=\"Nom ne peut pas \u00eatre vide.\" aria-required=\"true\" data-invmsg=\"Nom est non valide\" aria-invalid=\"false\"   aria-describedby=\"frm_desc_field_qh4icy\"\/>\r\n\t<div class=\"frm_description\" id=\"frm_desc_field_qh4icy\">Votre nom<\/div>\r\n\t\r\n<\/div>\n<div id=\"frm_field_2_container\" class=\"frm_form_field form-field  frm_required_field frm_hidden_container frm_half\">\r\n\t<label for=\"field_ocfup1\" id=\"field_ocfup1_label\" class=\"frm_primary_label\">Pr\u00e9nom\r\n\t\t<span class=\"frm_required\" aria-hidden=\"true\">*<\/span>\r\n\t<\/label>\r\n\t<input type=\"text\" id=\"field_ocfup1\" name=\"item_meta[2]\" value=\"\"  data-reqmsg=\"Pr\u00e9nom ne peut pas \u00eatre vide.\" aria-required=\"true\" data-invmsg=\"Pr\u00e9nom est non valide\" aria-invalid=\"false\"   aria-describedby=\"frm_desc_field_ocfup1\"\/>\r\n\t<div class=\"frm_description\" id=\"frm_desc_field_ocfup1\">Votre pr\u00e9nom<\/div>\r\n\t\r\n<\/div>\n<div id=\"frm_field_3_container\" class=\"frm_form_field form-field  frm_required_field frm_top_container frm_full\">\r\n\t<label for=\"field_29yf4d\" id=\"field_29yf4d_label\" class=\"frm_primary_label\">Email\r\n\t\t<span class=\"frm_required\" aria-hidden=\"true\">*<\/span>\r\n\t<\/label>\r\n\t<input type=\"email\" id=\"field_29yf4d\" name=\"item_meta[3]\" value=\"\"  data-reqmsg=\"Email ne peut pas \u00eatre vide.\" aria-required=\"true\" data-invmsg=\"Please enter a valid email address\" aria-invalid=\"false\"  \/>\r\n\t\r\n\t\r\n<\/div>\n<div id=\"frm_field_7_container\" class=\"frm_form_field form-field  frm_top_container\">\r\n\t<label for=\"field_gl6i2\" id=\"field_gl6i2_label\" class=\"frm_primary_label\">T\u00e9l\u00e9phone\r\n\t\t<span class=\"frm_required\" aria-hidden=\"true\"><\/span>\r\n\t<\/label>\r\n\t<input type=\"tel\" id=\"field_gl6i2\" name=\"item_meta[7]\" value=\"\"  data-invmsg=\"T\u00e9l\u00e9phone est non valide\" aria-invalid=\"false\" pattern=\"((\\+\\d{1,3}(-|.| )?\\(?\\d\\)?(-| |.)?\\d{1,5})|(\\(?\\d{2,6}\\)?))(-|.| )?(\\d{3,4})(-|.| )?(\\d{4})(( x| ext)\\d{1,5}){0,1}$\"  \/>\r\n\t\r\n\t\r\n<\/div>\n<div id=\"frm_field_4_container\" class=\"frm_form_field form-field  frm_required_field frm_top_container frm_full\">\r\n\t<label for=\"field_e6lis6\" id=\"field_e6lis6_label\" class=\"frm_primary_label\">Votre demande\r\n\t\t<span class=\"frm_required\" aria-hidden=\"true\">*<\/span>\r\n\t<\/label>\r\n\t<input type=\"text\" id=\"field_e6lis6\" name=\"item_meta[4]\" value=\"\"  data-reqmsg=\"Votre demande ne peut pas \u00eatre vide.\" aria-required=\"true\" data-invmsg=\"Votre demande est non valide\" aria-invalid=\"false\"  \/>\r\n\t\r\n\t\r\n<\/div>\n<div id=\"frm_field_5_container\" class=\"frm_form_field form-field  frm_required_field frm_top_container frm12 frm_first\">\r\n\t<label for=\"field_9jv0r1\" id=\"field_9jv0r1_label\" class=\"frm_primary_label\">Dites nous en plus sur vous\r\n\t\t<span class=\"frm_required\" aria-hidden=\"true\">*<\/span>\r\n\t<\/label>\r\n\t<textarea name=\"item_meta[5]\" id=\"field_9jv0r1\" rows=\"5\"  data-reqmsg=\"Dites nous en plus sur vous ne peut pas \u00eatre vide.\" aria-required=\"true\" data-invmsg=\"Dites nous en plus sur vous est non valide\" aria-invalid=\"false\"  ><\/textarea>\r\n\t\r\n\t\r\n<\/div>\n<div id=\"frm_field_6_container\" class=\"frm_form_field form-field  frm12 frm_first\">\r\n\t<div class=\"frm_submit frm_flex\">\r\n<button class=\"frm_button_submit\" type=\"submit\"  >Envoyer<\/button>\r\n\r\n\r\n\r\n<\/div>\r\n<\/div>\n\t<input type=\"hidden\" name=\"item_key\" value=\"\" \/>\n\t\t\t<div id=\"frm_field_8_container\">\n\t\t\t<label for=\"field_qlg1a\" >\n\t\t\t\tSi vous \u00eates un humain, ne remplissez pas ce champ.\t\t\t<\/label>\n\t\t\t<input  id=\"field_qlg1a\" type=\"text\" class=\"frm_form_field form-field frm_verify\" name=\"item_meta[8]\" value=\"\"  \/>\n\t\t<\/div>\n\t\t<input name=\"frm_state\" type=\"hidden\" value=\"dBAqCfGzjxnvDQEz0thVZfdDLAqJeSQCSmMQiCUW3oE=\" \/><\/div>\n<\/fieldset>\n<\/div>\n\n<\/form>\n<\/div>\n\n\n\n<p><a href=\"https:\/\/larmoireaglace.fr\/wp-login.php\">Identifiez vous<\/a><\/p>\n\n\n\n<p><a href=\"https:\/\/larmoireaglace.fr\/index.php\/etape-1-du-franchise\/\" data-type=\"page\" data-id=\"59\">Parcours du candidat \u00e0 la Franchise<\/a><\/p>\n\n\n\n<p><\/p>\n","protected":false},"excerpt":{"rendered":"<p>Depuis 2021, L&rsquo;Armoire \u00e0 Glace travaille sur la cr\u00e9ation d&rsquo;un mod\u00e8le de Franchise qui allie son savoir faire et la fid\u00e9lisation de sa client\u00e8le. Apr\u00e8s plus de 20 ans d&rsquo;existence, le concept et l&rsquo;\u00e9tat d&rsquo;esprit \u00ab\u00a0Armoire \u00e0 Glace\u00a0\u00bb sont prouv\u00e9s et \u00e9prouv\u00e9s et nous permettent de d\u00e9velopper une franchise par laquelle tout adh\u00e9rent sera accompagn\u00e9, [&hellip;]<\/p>\n","protected":false},"author":1,"featured_media":0,"parent":0,"menu_order":0,"comment_status":"closed","ping_status":"closed","template":"","meta":{"footnotes":""},"folder":[],"class_list":["post-32","page","type-page","status-publish","hentry"],"_links":{"self":[{"href":"https:\/\/larmoireaglace.fr\/index.php\/wp-json\/wp\/v2\/pages\/32","targetHints":{"allow":["GET"]}}],"collection":[{"href":"https:\/\/larmoireaglace.fr\/index.php\/wp-json\/wp\/v2\/pages"}],"about":[{"href":"https:\/\/larmoireaglace.fr\/index.php\/wp-json\/wp\/v2\/types\/page"}],"author":[{"embeddable":true,"href":"https:\/\/larmoireaglace.fr\/index.php\/wp-json\/wp\/v2\/users\/1"}],"replies":[{"embeddable":true,"href":"https:\/\/larmoireaglace.fr\/index.php\/wp-json\/wp\/v2\/comments?post=32"}],"version-history":[{"count":8,"href":"https:\/\/larmoireaglace.fr\/index.php\/wp-json\/wp\/v2\/pages\/32\/revisions"}],"predecessor-version":[{"id":67,"href":"https:\/\/larmoireaglace.fr\/index.php\/wp-json\/wp\/v2\/pages\/32\/revisions\/67"}],"wp:attachment":[{"href":"https:\/\/larmoireaglace.fr\/index.php\/wp-json\/wp\/v2\/media?parent=32"}],"wp:term":[{"taxonomy":"folder","embeddable":true,"href":"https:\/\/larmoireaglace.fr\/index.php\/wp-json\/wp\/v2\/folder?post=32"}],"curies":[{"name":"wp","href":"https:\/\/api.w.org\/{rel}","templated":true}]}}